{"id":2,"date":"2023-09-01T20:11:15","date_gmt":"2023-09-01T23:11:15","guid":{"rendered":"https:\/\/nimiodeanquin.com.ar\/?page_id=2"},"modified":"2025-03-12T20:56:44","modified_gmt":"2025-03-12T23:56:44","slug":"portada","status":"publish","type":"page","link":"https:\/\/nimiodeanquin.com.ar\/","title":{"rendered":"Inicio"},"content":{"rendered":"[vc_row full_width=\u00bbstretch_row_content\u00bb css=\u00bb.vc_custom_1741806297176{background-position: center !important;background-repeat: no-repeat !important;background-size: cover !important;}\u00bb][vc_column][vc_column_text italic=\u00bbtrue\u00bb color=\u00bb#ffffff\u00bb font_size=\u00bb33&#8243; css=\u00bb.vc_custom_1741806456886{margin: 100px !important;}\u00bb]\n<h3 style=\"text-align: center;\"><em><strong>\u00abP\u00e1gina dedicada a Nimio de Anqu\u00edn, fil\u00f3sofo argentino originario de la provincia de C\u00f3rdoba. Metaf\u00edsico de gran originalidad, tuvo adem\u00e1s una extensa labor docente que ejerci\u00f3 con singular erudici\u00f3n. Su vida y su obra reflejan una existencia comprometida en la reflexi\u00f3n recoleta sobre el Ser y, sobre todo, por una incansable b\u00fasqueda de la Verdad. El interesado encontrar\u00e1 en este sitio ensayos y art\u00edculos \u2014\u00e9ditos e in\u00e9ditos\u2014, as\u00ed como informaci\u00f3n biogr\u00e1fica del fil\u00f3sofo.\u00bb<\/strong><\/em><\/h3>\n[\/vc_column_text][\/vc_column][\/vc_row][vc_row full_width=\u00bbstretch_row_content\u00bb content_placement=\u00bbmiddle\u00bb full_height=\u00bbyes\u00bb css=\u00bb.vc_custom_1741817628870{background-position: center !important;background-repeat: no-repeat !important;background-size: cover !important;}\u00bb][vc_column width=\u00bb1\/2&#8243;][vc_single_image image=\u00bb57&#8243; alignment=\u00bbcenter\u00bb css=\u00bb.vc_custom_1741817952749{margin-left: 100px !important;border-top-width: 50px !important;}\u00bb][\/vc_column][vc_column width=\u00bb1\/2&#8243;][vc_separator border_width=\u00bb5&#8243; css=\u00bb.vc_custom_1741823760999{margin-right: 100px !important;border-right-width: 100px !important;}\u00bb][vc_column_text italic=\u00bbtrue\u00bb color=\u00bb#ffffff\u00bb font_size=\u00bb33&#8243; css=\u00bb.vc_custom_1741823454506{margin-right: 100px !important;}\u00bb text_align=\u00bbcenter\u00bb]\n<h3 style=\"text-align: justify;\"><em><strong>\u201cLa vocaci\u00f3n filos\u00f3fica pertenece al orden te\u00f3rico, mas no en el sentido grueso del t\u00e9rmino que es aplicable al pensar profesional, sino en el sentido del pensar puro, del pensar absoluto. La vocaci\u00f3n filos\u00f3fica es la del pensar en s\u00ed, o sea es de un pensar de esencias. Pensar de esencias es pensar en lo esencial de las cosas.\u201d<\/strong><\/em><\/h3>\n<p>&nbsp;<\/p>\n[\/vc_column_text][vc_separator border_width=\u00bb5&#8243; css=\u00bb.vc_custom_1741823760999{margin-right: 100px !important;border-right-width: 100px !important;}\u00bb][\/vc_column][\/vc_row]\n","protected":false},"excerpt":{"rendered":"<p>[vc_row full_width=\u00bbstretch_row_content\u00bb css=\u00bb.vc_custom_1741806297176{background-position: center !important;background-repeat: no-repeat !important;background-size: cover !important;}\u00bb][vc_column][vc_column_text italic=\u00bbtrue\u00bb color=\u00bb#ffffff\u00bb font_size=\u00bb33&#8243; css=\u00bb.vc_custom_1741806456886{margin: 100px !important;}\u00bb] \u00abP\u00e1gina dedicada a Nimio de Anqu\u00edn, fil\u00f3sofo argentino originario de la provincia de C\u00f3rdoba. Metaf\u00edsico de gran originalidad, tuvo adem\u00e1s una extensa labor docente que&hellip;<\/p>\n","protected":false},"author":1,"featured_media":0,"parent":0,"menu_order":0,"comment_status":"closed","ping_status":"closed","template":"","meta":{"footnotes":""},"class_list":["post-2","page","type-page","status-publish","hentry","entry","no-media"],"yoast_head":"<!-- This site is optimized with the Yoast SEO plugin v25.4 - https:\/\/yoast.com\/wordpress\/plugins\/seo\/ -->\n<title>Inicio - Nimio de Anqu\u00edn<\/title>\n<meta name=\"robots\" content=\"noindex, follow, max-snippet:-1, max-image-preview:large, max-video-preview:-1\" \/>\n<meta property=\"og:locale\" content=\"es_ES\" \/>\n<meta property=\"og:type\" content=\"article\" \/>\n<meta property=\"og:title\" content=\"Inicio - Nimio de Anqu\u00edn\" \/>\n<meta property=\"og:description\" content=\"[vc_row full_width=\u00bbstretch_row_content\u00bb css=\u00bb.vc_custom_1741806297176{background-position: center !important;background-repeat: no-repeat !important;background-size: cover !important;}\u00bb][vc_column][vc_column_text italic=\u00bbtrue\u00bb color=\u00bb#ffffff\u00bb font_size=\u00bb33&#8243; css=\u00bb.vc_custom_1741806456886{margin: 100px !important;}\u00bb] \u00abP\u00e1gina dedicada a Nimio de Anqu\u00edn, fil\u00f3sofo argentino originario de la provincia de C\u00f3rdoba. Metaf\u00edsico de gran originalidad, tuvo adem\u00e1s una extensa labor docente que&hellip;\" \/>\n<meta property=\"og:url\" content=\"https:\/\/nimiodeanquin.com.ar\/\" \/>\n<meta property=\"og:site_name\" content=\"Nimio de Anqu\u00edn\" \/>\n<meta property=\"article:modified_time\" content=\"2025-03-12T23:56:44+00:00\" \/>\n<meta name=\"twitter:card\" content=\"summary_large_image\" \/>\n<meta name=\"twitter:label1\" content=\"Tiempo de lectura\" \/>\n\t<meta name=\"twitter:data1\" content=\"1 minuto\" \/>\n<script type=\"application\/ld+json\" class=\"yoast-schema-graph\">{\"@context\":\"https:\/\/schema.org\",\"@graph\":[{\"@type\":\"WebPage\",\"@id\":\"https:\/\/nimiodeanquin.com.ar\/\",\"url\":\"https:\/\/nimiodeanquin.com.ar\/\",\"name\":\"Inicio - Nimio de Anqu\u00edn\",\"isPartOf\":{\"@id\":\"https:\/\/nimiodeanquin.com.ar\/#website\"},\"datePublished\":\"2023-09-01T23:11:15+00:00\",\"dateModified\":\"2025-03-12T23:56:44+00:00\",\"breadcrumb\":{\"@id\":\"https:\/\/nimiodeanquin.com.ar\/#breadcrumb\"},\"inLanguage\":\"es\",\"potentialAction\":[{\"@type\":\"ReadAction\",\"target\":[\"https:\/\/nimiodeanquin.com.ar\/\"]}]},{\"@type\":\"BreadcrumbList\",\"@id\":\"https:\/\/nimiodeanquin.com.ar\/#breadcrumb\",\"itemListElement\":[{\"@type\":\"ListItem\",\"position\":1,\"name\":\"Inicio\",\"item\":\"https:\/\/nimiodeanquin.com.ar\/\"},{\"@type\":\"ListItem\",\"position\":2,\"name\":\"Inicio\"}]},{\"@type\":\"WebSite\",\"@id\":\"https:\/\/nimiodeanquin.com.ar\/#website\",\"url\":\"https:\/\/nimiodeanquin.com.ar\/\",\"name\":\"Nimio de Anqu\u00edn\",\"description\":\"\",\"publisher\":{\"@id\":\"https:\/\/nimiodeanquin.com.ar\/#organization\"},\"potentialAction\":[{\"@type\":\"SearchAction\",\"target\":{\"@type\":\"EntryPoint\",\"urlTemplate\":\"https:\/\/nimiodeanquin.com.ar\/?s={search_term_string}\"},\"query-input\":{\"@type\":\"PropertyValueSpecification\",\"valueRequired\":true,\"valueName\":\"search_term_string\"}}],\"inLanguage\":\"es\"},{\"@type\":\"Organization\",\"@id\":\"https:\/\/nimiodeanquin.com.ar\/#organization\",\"name\":\"Nimio de Anqu\u00edn\",\"url\":\"https:\/\/nimiodeanquin.com.ar\/\",\"logo\":{\"@type\":\"ImageObject\",\"inLanguage\":\"es\",\"@id\":\"https:\/\/nimiodeanquin.com.ar\/#\/schema\/logo\/image\/\",\"url\":\"https:\/\/nimiodeanquin.com.ar\/wp-content\/uploads\/2025\/05\/firma-nimio.png\",\"contentUrl\":\"https:\/\/nimiodeanquin.com.ar\/wp-content\/uploads\/2025\/05\/firma-nimio.png\",\"width\":490,\"height\":277,\"caption\":\"Nimio de Anqu\u00edn\"},\"image\":{\"@id\":\"https:\/\/nimiodeanquin.com.ar\/#\/schema\/logo\/image\/\"}}]}<\/script>\n<!-- \/ Yoast SEO plugin. -->","yoast_head_json":{"title":"Inicio - Nimio de Anqu\u00edn","robots":{"index":"noindex","follow":"follow","max-snippet":"max-snippet:-1","max-image-preview":"max-image-preview:large","max-video-preview":"max-video-preview:-1"},"og_locale":"es_ES","og_type":"article","og_title":"Inicio - Nimio de Anqu\u00edn","og_description":"[vc_row full_width=\u00bbstretch_row_content\u00bb css=\u00bb.vc_custom_1741806297176{background-position: center !important;background-repeat: no-repeat !important;background-size: cover !important;}\u00bb][vc_column][vc_column_text italic=\u00bbtrue\u00bb color=\u00bb#ffffff\u00bb font_size=\u00bb33&#8243; css=\u00bb.vc_custom_1741806456886{margin: 100px !important;}\u00bb] \u00abP\u00e1gina dedicada a Nimio de Anqu\u00edn, fil\u00f3sofo argentino originario de la provincia de C\u00f3rdoba. Metaf\u00edsico de gran originalidad, tuvo adem\u00e1s una extensa labor docente que&hellip;","og_url":"https:\/\/nimiodeanquin.com.ar\/","og_site_name":"Nimio de Anqu\u00edn","article_modified_time":"2025-03-12T23:56:44+00:00","twitter_card":"summary_large_image","twitter_misc":{"Tiempo de lectura":"1 minuto"},"schema":{"@context":"https:\/\/schema.org","@graph":[{"@type":"WebPage","@id":"https:\/\/nimiodeanquin.com.ar\/","url":"https:\/\/nimiodeanquin.com.ar\/","name":"Inicio - Nimio de Anqu\u00edn","isPartOf":{"@id":"https:\/\/nimiodeanquin.com.ar\/#website"},"datePublished":"2023-09-01T23:11:15+00:00","dateModified":"2025-03-12T23:56:44+00:00","breadcrumb":{"@id":"https:\/\/nimiodeanquin.com.ar\/#breadcrumb"},"inLanguage":"es","potentialAction":[{"@type":"ReadAction","target":["https:\/\/nimiodeanquin.com.ar\/"]}]},{"@type":"BreadcrumbList","@id":"https:\/\/nimiodeanquin.com.ar\/#breadcrumb","itemListElement":[{"@type":"ListItem","position":1,"name":"Inicio","item":"https:\/\/nimiodeanquin.com.ar\/"},{"@type":"ListItem","position":2,"name":"Inicio"}]},{"@type":"WebSite","@id":"https:\/\/nimiodeanquin.com.ar\/#website","url":"https:\/\/nimiodeanquin.com.ar\/","name":"Nimio de Anqu\u00edn","description":"","publisher":{"@id":"https:\/\/nimiodeanquin.com.ar\/#organization"},"potentialAction":[{"@type":"SearchAction","target":{"@type":"EntryPoint","urlTemplate":"https:\/\/nimiodeanquin.com.ar\/?s={search_term_string}"},"query-input":{"@type":"PropertyValueSpecification","valueRequired":true,"valueName":"search_term_string"}}],"inLanguage":"es"},{"@type":"Organization","@id":"https:\/\/nimiodeanquin.com.ar\/#organization","name":"Nimio de Anqu\u00edn","url":"https:\/\/nimiodeanquin.com.ar\/","logo":{"@type":"ImageObject","inLanguage":"es","@id":"https:\/\/nimiodeanquin.com.ar\/#\/schema\/logo\/image\/","url":"https:\/\/nimiodeanquin.com.ar\/wp-content\/uploads\/2025\/05\/firma-nimio.png","contentUrl":"https:\/\/nimiodeanquin.com.ar\/wp-content\/uploads\/2025\/05\/firma-nimio.png","width":490,"height":277,"caption":"Nimio de Anqu\u00edn"},"image":{"@id":"https:\/\/nimiodeanquin.com.ar\/#\/schema\/logo\/image\/"}}]}},"_links":{"self":[{"href":"https:\/\/nimiodeanquin.com.ar\/index.php\/wp-json\/wp\/v2\/pages\/2","targetHints":{"allow":["GET"]}}],"collection":[{"href":"https:\/\/nimiodeanquin.com.ar\/index.php\/wp-json\/wp\/v2\/pages"}],"about":[{"href":"https:\/\/nimiodeanquin.com.ar\/index.php\/wp-json\/wp\/v2\/types\/page"}],"author":[{"embeddable":true,"href":"https:\/\/nimiodeanquin.com.ar\/index.php\/wp-json\/wp\/v2\/users\/1"}],"replies":[{"embeddable":true,"href":"https:\/\/nimiodeanquin.com.ar\/index.php\/wp-json\/wp\/v2\/comments?post=2"}],"version-history":[{"count":17,"href":"https:\/\/nimiodeanquin.com.ar\/index.php\/wp-json\/wp\/v2\/pages\/2\/revisions"}],"predecessor-version":[{"id":62,"href":"https:\/\/nimiodeanquin.com.ar\/index.php\/wp-json\/wp\/v2\/pages\/2\/revisions\/62"}],"wp:attachment":[{"href":"https:\/\/nimiodeanquin.com.ar\/index.php\/wp-json\/wp\/v2\/media?parent=2"}],"curies":[{"name":"wp","href":"https:\/\/api.w.org\/{rel}","templated":true}]}}